{"id":1854,"date":"2022-12-14T11:11:54","date_gmt":"2022-12-14T11:11:54","guid":{"rendered":"https:\/\/www.ecolmare.es\/?page_id=1854"},"modified":"2023-02-14T10:19:04","modified_gmt":"2023-02-14T10:19:04","slug":"beach-marking","status":"publish","type":"page","link":"https:\/\/www.ecolmare.es\/en\/services\/beach-marking\/","title":{"rendered":"Beach beacons"},"content":{"rendered":"<div class=\"wpb-content-wrapper\"><div class=\"vc_row wpb_row vc_row-fluid\"><div class=\"wpb_column vc_column_container vc_col-sm-12\"><div class=\"vc_column-inner\"><div class=\"wpb_wrapper\">\n\t<div  class=\"wpb_single_image wpb_content_element vc_align_center\">\n\t\t\n\t\t<figure class=\"wpb_wrapper vc_figure\">\n\t\t\t<div class=\"vc_single_image-wrapper vc_box_shadow_3d  vc_box_border_grey\"><img decoding=\"async\" width=\"1024\" height=\"683\" src=\"https:\/\/www.ecolmare.es\/wp-content\/uploads\/2022\/12\/slider-05-1024x683.jpg\" class=\"vc_single_image-img attachment-large\" alt=\"Beach beacons\" title=\"Beach beacons\" srcset=\"https:\/\/www.ecolmare.es\/wp-content\/uploads\/2022\/12\/slider-05-1024x683.jpg 1024w, https:\/\/www.ecolmare.es\/wp-content\/uploads\/2022\/12\/slider-05-300x200.jpg 300w, https:\/\/www.ecolmare.es\/wp-content\/uploads\/2022\/12\/slider-05-768x512.jpg 768w, https:\/\/www.ecolmare.es\/wp-content\/uploads\/2022\/12\/slider-05.jpg 1200w\" sizes=\"(max-width: 1024px) 100vw, 1024px\"  data-dt-location=\"https:\/\/www.ecolmare.es\/en\/slider-05\/\" \/><\/div>\n\t\t<\/figure>\n\t<\/div>\n<\/div><\/div><\/div><div class=\"wpb_column vc_column_container vc_col-sm-12\"><div class=\"vc_column-inner vc_custom_1671451270194\"><div class=\"wpb_wrapper\">\n\t<div class=\"wpb_text_column wpb_content_element  justify\" >\n\t\t<div class=\"wpb_wrapper\">\n\t\t\t<p>The proliferation of small boats of all kinds for water sports has increased the degree of risk for bathers on the beaches.<\/p>\n<p>These measures guarantee the safety of bathers, who use the beaches for entertainment, by perfectly establishing the protection zones, as they are marked out.<\/p>\n<p>Having the areas perfectly marked out helps to delimit perfectly the areas where elements such as windsurf boards, water skis, jet skis, sailboats, motor boats, etc. can be used and delimit them from the areas available for bathers, contributing to their greater safety.<\/p>\n<p>In this way, the areas that can be used by bathers are established. There is also a delimitation of the areas available for recreational boating, being areas where the use of sailing or motor boats is permitted.<\/p>\n<p>Other types of boats, such as jet skis, may sail through the boat area, but not exceeding 3 knots and taking extreme precautions.<\/p>\n<p>Ecolmare designs and installs beaconing systems using national (RD 1835\/1983 of 25 March 1983) and European materials and regulations.<\/p>\n<p><strong>The correct management of the use of beaches requires a system of beacons to delimit them:<\/strong><\/p>\n\n\t\t<\/div>\n\t<\/div>\n<\/div><\/div><\/div><\/div><div class=\"vc_row wpb_row vc_row-fluid vc_custom_1671452122756\"><div class=\"wpb_column vc_column_container vc_col-sm-12\"><div class=\"vc_column-inner\"><div class=\"wpb_wrapper\"><div id=\"ultimate-heading-932769e73b3bcaf4d\" class=\"uvc-heading ult-adjust-bottom-margin ultimate-heading-932769e73b3bcaf4d uvc-3030\" data-hspacer=\"no_spacer\"  data-halign=\"left\" style=\"text-align:left\"><div class=\"uvc-heading-spacer no_spacer\" style=\"top\"><\/div><div class=\"uvc-main-heading ult-responsive\"  data-ultimate-target='.uvc-heading.ultimate-heading-932769e73b3bcaf4d h2'  data-responsive-json-new='{\"font-size\":\"\",\"line-height\":\"\"}' ><h2 style=\"font-weight:normal;margin-bottom:22px;\">Beaconing of the coastal strip<\/h2><\/div><div class=\"uvc-sub-heading ult-responsive\"  data-ultimate-target='.uvc-heading.ultimate-heading-932769e73b3bcaf4d .uvc-sub-heading '  data-responsive-json-new='{\"font-size\":\"desktop:20px;\",\"line-height\":\"\"}'  style=\"font-family:&#039;Open Sans Condensed&#039;;font-weight:700;color:#0098c8;\">It is installed parallel to the coast, between buoys the separation may be up to 200 metres and this delimits the bathing area from the navigation area.<\/div><\/div><\/div><\/div><\/div><div class=\"wpb_column vc_column_container vc_col-sm-12\"><div class=\"vc_column-inner vc_custom_1671452188600\"><div class=\"wpb_wrapper\">\n\t<div class=\"wpb_text_column wpb_content_element  justify\" >\n\t\t<div class=\"wpb_wrapper\">\n\t\t\t<p>This area is reserved exclusively for bathers and water sports are prohibited.<\/p>\n\n\t\t<\/div>\n\t<\/div>\n<\/div><\/div><\/div><\/div><div class=\"vc_row wpb_row vc_row-fluid vc_custom_1671452122756\"><div class=\"wpb_column vc_column_container vc_col-sm-12\"><div class=\"vc_column-inner\"><div class=\"wpb_wrapper\"><div id=\"ultimate-heading-906069e73b3bcb5b4\" class=\"uvc-heading ult-adjust-bottom-margin ultimate-heading-906069e73b3bcb5b4 uvc-6298\" data-hspacer=\"no_spacer\"  data-halign=\"left\" style=\"text-align:left\"><div class=\"uvc-heading-spacer no_spacer\" style=\"top\"><\/div><div class=\"uvc-main-heading ult-responsive\"  data-ultimate-target='.uvc-heading.ultimate-heading-906069e73b3bcb5b4 h2'  data-responsive-json-new='{\"font-size\":\"\",\"line-height\":\"\"}' ><h2 style=\"font-weight:normal;margin-bottom:22px;\">Nautical channels for use by vessels<\/h2><\/div><div class=\"uvc-sub-heading ult-responsive\"  data-ultimate-target='.uvc-heading.ultimate-heading-906069e73b3bcb5b4 .uvc-sub-heading '  data-responsive-json-new='{\"font-size\":\"desktop:20px;\",\"line-height\":\"\"}'  style=\"font-family:&#039;Open Sans Condensed&#039;;font-weight:700;color:#0098c8;\">These marked channels make it possible to establish a completely different zone between the areas used by maritime vehicles and the areas used by bathers.<\/div><\/div><\/div><\/div><\/div><div class=\"wpb_column vc_column_container vc_col-sm-12\"><div class=\"vc_column-inner vc_custom_1671452188600\"><div class=\"wpb_wrapper\">\n\t<div class=\"wpb_text_column wpb_content_element  justify\" >\n\t\t<div class=\"wpb_wrapper\">\n\t\t\t<p>In addition to being annoying, the presence of boats close to the shore is dangerous for bathers, and this differentiation is extremely useful, mainly by delimiting the strip of sea along which these boats can sail.<\/p>\n<p>It is therefore the responsibility of boat skippers, as well as those who use recreational vehicles such as jet skis, sailing boats and paddle surf boards, to be fully aware of this area, so it is very important that the area is well signposted.<\/p>\n\n\t\t<\/div>\n\t<\/div>\n<\/div><\/div><\/div><\/div><div class=\"vc_row wpb_row vc_row-fluid vc_custom_1671452122756\"><div class=\"wpb_column vc_column_container vc_col-sm-12\"><div class=\"vc_column-inner\"><div class=\"wpb_wrapper\"><div id=\"ultimate-heading-103769e73b3bcbc27\" class=\"uvc-heading ult-adjust-bottom-margin ultimate-heading-103769e73b3bcbc27 uvc-2576\" data-hspacer=\"no_spacer\"  data-halign=\"left\" style=\"text-align:left\"><div class=\"uvc-heading-spacer no_spacer\" style=\"top\"><\/div><div class=\"uvc-main-heading ult-responsive\"  data-ultimate-target='.uvc-heading.ultimate-heading-103769e73b3bcbc27 h2'  data-responsive-json-new='{\"font-size\":\"\",\"line-height\":\"\"}' ><h2 style=\"font-weight:normal;margin-bottom:22px;\">Areas reserved for exclusive use<\/h2><\/div><div class=\"uvc-sub-heading ult-responsive\"  data-ultimate-target='.uvc-heading.ultimate-heading-103769e73b3bcbc27 .uvc-sub-heading '  data-responsive-json-new='{\"font-size\":\"desktop:20px;\",\"line-height\":\"\"}'  style=\"font-family:&#039;Open Sans Condensed&#039;;font-weight:700;color:#0098c8;\">A correctly marked area allows to establish which areas are for the exclusive use of bathers.<\/div><\/div><\/div><\/div><\/div><div class=\"wpb_column vc_column_container vc_col-sm-12\"><div class=\"vc_column-inner vc_custom_1671452188600\"><div class=\"wpb_wrapper\">\n\t<div class=\"wpb_text_column wpb_content_element  justify\" >\n\t\t<div class=\"wpb_wrapper\">\n\t\t\t<p>It is important to know that, if there are no buoys, any floating vehicle can navigate in the area, taking into account the approximate 200 metres distance from the coast and exercising extreme caution.<\/p>\n<p>As you can see, this signage is very useful to maintain the safety of all those attending the coast, so we invite you to work hand in hand with Ecolmare, so that you have all these areas perfectly delimited.<\/p>\n\n\t\t<\/div>\n\t<\/div>\n<\/div><\/div><\/div><\/div>\n<\/div>","protected":false},"excerpt":{"rendered":"<p>La proliferaci\u00f3n de peque\u00f1as embarcaciones de toda \u00edndole, para la pr\u00e1ctica de deportes n\u00e1uticos ha hecho incrementar el grado de riesgo para los ba\u00f1istas de las playas. Estas medidas garantizan la seguridad de los ba\u00f1istas, quienes utilizan las playas confines de entretenimiento, estableciendo de manera perfecta las zonas de protecci\u00f3n, al ser balizadas. Tener las&hellip;<\/p>","protected":false},"author":1,"featured_media":1841,"parent":1844,"menu_order":0,"comment_status":"closed","ping_status":"closed","template":"","meta":{"inline_featured_image":false,"_joinchat":[],"footnotes":""},"class_list":["post-1854","page","type-page","status-publish","has-post-thumbnail","hentry","description-off"],"_links":{"self":[{"href":"https:\/\/www.ecolmare.es\/en\/wp-json\/wp\/v2\/pages\/1854","targetHints":{"allow":["GET"]}}],"collection":[{"href":"https:\/\/www.ecolmare.es\/en\/wp-json\/wp\/v2\/pages"}],"about":[{"href":"https:\/\/www.ecolmare.es\/en\/wp-json\/wp\/v2\/types\/page"}],"author":[{"embeddable":true,"href":"https:\/\/www.ecolmare.es\/en\/wp-json\/wp\/v2\/users\/1"}],"replies":[{"embeddable":true,"href":"https:\/\/www.ecolmare.es\/en\/wp-json\/wp\/v2\/comments?post=1854"}],"version-history":[{"count":0,"href":"https:\/\/www.ecolmare.es\/en\/wp-json\/wp\/v2\/pages\/1854\/revisions"}],"up":[{"embeddable":true,"href":"https:\/\/www.ecolmare.es\/en\/wp-json\/wp\/v2\/pages\/1844"}],"wp:featuredmedia":[{"embeddable":true,"href":"https:\/\/www.ecolmare.es\/en\/wp-json\/wp\/v2\/media\/1841"}],"wp:attachment":[{"href":"https:\/\/www.ecolmare.es\/en\/wp-json\/wp\/v2\/media?parent=1854"}],"curies":[{"name":"wp","href":"https:\/\/api.w.org\/{rel}","templated":true}]}}