{"id":1846,"date":"2022-12-14T11:10:45","date_gmt":"2022-12-14T11:10:45","guid":{"rendered":"https:\/\/www.ecolmare.es\/?page_id=1846"},"modified":"2023-02-14T10:00:53","modified_gmt":"2023-02-14T10:00:53","slug":"cleaning-of-coastal-waters","status":"publish","type":"page","link":"https:\/\/www.ecolmare.es\/en\/services\/cleaning-of-coastal-waters\/","title":{"rendered":"Coastal water clean-up"},"content":{"rendered":"<div class=\"wpb-content-wrapper\"><div class=\"vc_row wpb_row vc_row-fluid\"><div class=\"wpb_column vc_column_container vc_col-sm-12\"><div class=\"vc_column-inner\"><div class=\"wpb_wrapper\">\n\t<div  class=\"wpb_single_image wpb_content_element vc_align_center\">\n\t\t\n\t\t<figure class=\"wpb_wrapper vc_figure\">\n\t\t\t<div class=\"vc_single_image-wrapper vc_box_shadow_3d  vc_box_border_grey\"><img decoding=\"async\" width=\"1024\" height=\"683\" src=\"https:\/\/www.ecolmare.es\/wp-content\/uploads\/2022\/12\/slider-01-1024x683.jpg\" class=\"vc_single_image-img attachment-large\" alt=\"Coastal water clean-up\" title=\"slider-01\" srcset=\"https:\/\/www.ecolmare.es\/wp-content\/uploads\/2022\/12\/slider-01-1024x683.jpg 1024w, https:\/\/www.ecolmare.es\/wp-content\/uploads\/2022\/12\/slider-01-300x200.jpg 300w, https:\/\/www.ecolmare.es\/wp-content\/uploads\/2022\/12\/slider-01-768x512.jpg 768w, https:\/\/www.ecolmare.es\/wp-content\/uploads\/2022\/12\/slider-01.jpg 1200w\" sizes=\"(max-width: 1024px) 100vw, 1024px\"  data-dt-location=\"https:\/\/www.ecolmare.es\/en\/slider-01\/\" \/><\/div>\n\t\t<\/figure>\n\t<\/div>\n<\/div><\/div><\/div><div class=\"wpb_column vc_column_container vc_col-sm-12\"><div class=\"vc_column-inner vc_custom_1671451270194\"><div class=\"wpb_wrapper\">\n\t<div class=\"wpb_text_column wpb_content_element  justify\" >\n\t\t<div class=\"wpb_wrapper\">\n\t\t\t<p>Coastal water clean-up is a necessary year-round programme as coastal waters suffer from an increase in floating pollution due to lack of awareness and the impact of tourism, such as the massive use of recreational boats and the increase in population in coastal areas during the summer season. With its implementation, effective measures can be taken to reduce this problem and protect the coastal environment.<\/p>\n<p>In the same way that society enjoys these waters, it also demands that the administrations ensure that their environmental quality is high.<\/p>\n\n\t\t<\/div>\n\t<\/div>\n<\/div><\/div><\/div><\/div><div class=\"vc_row wpb_row vc_row-fluid\"><div class=\"wpb_column vc_column_container vc_col-sm-6\"><div class=\"vc_column-inner\"><div class=\"wpb_wrapper\"><div id=\"ultimate-heading-697769e536c46e18a\" class=\"uvc-heading ult-adjust-bottom-margin ultimate-heading-697769e536c46e18a uvc-5360\" data-hspacer=\"no_spacer\"  data-halign=\"left\" style=\"text-align:left\"><div class=\"uvc-heading-spacer no_spacer\" style=\"top\"><\/div><div class=\"uvc-main-heading ult-responsive\"  data-ultimate-target='.uvc-heading.ultimate-heading-697769e536c46e18a h2'  data-responsive-json-new='{\"font-size\":\"\",\"line-height\":\"\"}' ><h2 style=\"font-weight:normal;margin-bottom:22px;\">Our fleet<\/h2><\/div><div class=\"uvc-sub-heading ult-responsive\"  data-ultimate-target='.uvc-heading.ultimate-heading-697769e536c46e18a .uvc-sub-heading '  data-responsive-json-new='{\"font-size\":\"\",\"line-height\":\"\"}'  style=\"font-weight:normal;\">To guarantee this quality, Ecolmare has a fleet of vessels called \"Pelican\", \"Minipelican\" and \"Gavina\", specially designed to combat pollution from floating and\/or semi-submerged solids, as well as hydrocarbons and oil.<\/div><\/div><\/div><\/div><\/div><div class=\"wpb_column vc_column_container vc_col-sm-6\"><div class=\"vc_column-inner\"><div class=\"wpb_wrapper\"><style type=\"text\/css\" data-type=\"the7_shortcodes-inline-css\">.gallery-carousel-shortcode.gallery-carousel-shortcode-id-7c47d3727ec373ffbf4685ed344aeec1.owl-carousel .owl-nav div {\n  width: 36px;\n  height: 36px;\n  border-radius: 500px;\n}\n.dt-arrow-border-on.gallery-carousel-shortcode.gallery-carousel-shortcode-id-7c47d3727ec373ffbf4685ed344aeec1.owl-carousel .owl-nav div:not(:hover):before {\n  border-width: 0px;\n}\n.dt-arrow-hover-border-on.gallery-carousel-shortcode.gallery-carousel-shortcode-id-7c47d3727ec373ffbf4685ed344aeec1.owl-carousel .owl-nav div:hover:after {\n  border-width: 0px;\n}\n.gallery-carousel-shortcode.gallery-carousel-shortcode-id-7c47d3727ec373ffbf4685ed344aeec1.owl-carousel .owl-nav div.owl-prev {\n  top: 50%;\n  transform: translateY(calc(-50% + 0px));\n  left: -43px;\n}\n@media all and (-ms-high-contrast: none) {\n  .gallery-carousel-shortcode.gallery-carousel-shortcode-id-7c47d3727ec373ffbf4685ed344aeec1.owl-carousel .owl-nav div.owl-prev {\n    transform: translateY(-50%);\n    margin-top: 0px;\n  }\n}\n.gallery-carousel-shortcode.gallery-carousel-shortcode-id-7c47d3727ec373ffbf4685ed344aeec1.owl-carousel .owl-nav div.owl-prev i {\n  padding: 0px 0px 0px 0px;\n}\n.gallery-carousel-shortcode.gallery-carousel-shortcode-id-7c47d3727ec373ffbf4685ed344aeec1.owl-carousel .owl-nav div.owl-next {\n  top: 50%;\n  transform: translateY(calc(-50% + 0px));\n  right: -43px;\n}\n@media all and (-ms-high-contrast: none) {\n  .gallery-carousel-shortcode.gallery-carousel-shortcode-id-7c47d3727ec373ffbf4685ed344aeec1.owl-carousel .owl-nav div.owl-next {\n    transform: translateY(-50%);\n    margin-top: 0px;\n  }\n}\n.gallery-carousel-shortcode.gallery-carousel-shortcode-id-7c47d3727ec373ffbf4685ed344aeec1.owl-carousel .owl-nav div.owl-next i {\n  padding: 0px 0px 0px 0px;\n}\n.gallery-carousel-shortcode.gallery-carousel-shortcode-id-7c47d3727ec373ffbf4685ed344aeec1.owl-carousel .owl-nav i {\n  font-size: 18px;\n}\n.gallery-carousel-shortcode.gallery-carousel-shortcode-id-7c47d3727ec373ffbf4685ed344aeec1.owl-carousel .owl-nav div:not(:hover) i,\n.gallery-carousel-shortcode.gallery-carousel-shortcode-id-7c47d3727ec373ffbf4685ed344aeec1.owl-carousel .owl-nav div:not(:hover) i:before {\n  color: #ffffff;\n  background: none;\n}\n.gallery-carousel-shortcode.gallery-carousel-shortcode-id-7c47d3727ec373ffbf4685ed344aeec1.owl-carousel .owl-nav div:hover i,\n.gallery-carousel-shortcode.gallery-carousel-shortcode-id-7c47d3727ec373ffbf4685ed344aeec1.owl-carousel .owl-nav div:hover i:before {\n  color: rgba(255,255,255,0.75);\n  background: none;\n}\n.gallery-carousel-shortcode.gallery-carousel-shortcode-id-7c47d3727ec373ffbf4685ed344aeec1 .owl-dots {\n  top: calc(100% + 20px);\n  left: 50%;\n  transform: translateX(calc(-50% + 0px));\n}\n@media all and (-ms-high-contrast: none) {\n  .gallery-carousel-shortcode.gallery-carousel-shortcode-id-7c47d3727ec373ffbf4685ed344aeec1 .owl-dots {\n    transform: translateX(-50%);\n    margin-left: 0px;\n  }\n}\n.gallery-carousel-shortcode.gallery-carousel-shortcode-id-7c47d3727ec373ffbf4685ed344aeec1 .owl-dot {\n  width: 10px;\n  height: 10px;\n  margin: 0 8px;\n}\n@media screen and (max-width: 778px) {\n  .gallery-carousel-shortcode.gallery-carousel-shortcode-id-7c47d3727ec373ffbf4685ed344aeec1.hide-arrows .owl-nav a {\n    display: none;\n  }\n}\n@media screen and (max-width: 778px) {\n  .gallery-carousel-shortcode.gallery-carousel-shortcode-id-7c47d3727ec373ffbf4685ed344aeec1.reposition-arrows .owl-nav .owl-prev {\n    top: 50%;\n    transform: translateY(calc(-50% + 0px));\n    left: 10px;\n  }\n  .gallery-carousel-shortcode.gallery-carousel-shortcode-id-7c47d3727ec373ffbf4685ed344aeec1.reposition-arrows .owl-nav .owl-next {\n    top: 50%;\n    transform: translateY(calc(-50% + 0px));\n    right: 10px;\n  }\n}\n@media screen and (max-width: 778px) and all and (-ms-high-contrast: none) {\n  .gallery-carousel-shortcode.gallery-carousel-shortcode-id-7c47d3727ec373ffbf4685ed344aeec1.reposition-arrows .owl-nav .owl-prev {\n    transform: translateY(-50%);\n    margin-top: 0px;\n  }\n}\n@media screen and (max-width: 778px) and all and (-ms-high-contrast: none) {\n  .gallery-carousel-shortcode.gallery-carousel-shortcode-id-7c47d3727ec373ffbf4685ed344aeec1.reposition-arrows .owl-nav .owl-next {\n    transform: translateY(-50%);\n    margin-top: 0px;\n  }\n}\n.gallery-carousel-shortcode.gallery-carousel-shortcode-id-7c47d3727ec373ffbf4685ed344aeec1 figure,\n.gallery-carousel-shortcode.gallery-carousel-shortcode-id-7c47d3727ec373ffbf4685ed344aeec1 .rollover,\n.gallery-carousel-shortcode.gallery-carousel-shortcode-id-7c47d3727ec373ffbf4685ed344aeec1 img,\n.gallery-carousel-shortcode.gallery-carousel-shortcode-id-7c47d3727ec373ffbf4685ed344aeec1 .gallery-rollover {\n  border-radius: 0px;\n}\n.gallery-carousel-shortcode.gallery-carousel-shortcode-id-7c47d3727ec373ffbf4685ed344aeec1.enable-bg-rollover .gallery-rollover {\n  background: -webkit-linear-gradient();\n  background: linear-gradient();\n}\n.gallery-carousel-shortcode.gallery-carousel-shortcode-id-7c47d3727ec373ffbf4685ed344aeec1.enable-img-shadow .owl-stage-outer {\n  padding: 14px 0;\n}\n.gallery-carousel-shortcode.gallery-carousel-shortcode-id-7c47d3727ec373ffbf4685ed344aeec1.enable-bg-rollover.hover-scale figure .rollover:after {\n  background: -webkit-linear-gradient();\n  background: linear-gradient();\n}\n.gallery-carousel-shortcode.gallery-carousel-shortcode-id-7c47d3727ec373ffbf4685ed344aeec1.gallery-shortcode .gallery-zoom-ico {\n  width: 44px;\n  height: 44px;\n  line-height: 44px;\n  border-radius: 100px;\n  margin: -22px 0 0 -22px;\n  border-width: 0px;\n}\n.dt-icon-bg-on.gallery-carousel-shortcode.gallery-carousel-shortcode-id-7c47d3727ec373ffbf4685ed344aeec1.gallery-shortcode .gallery-zoom-ico {\n  background: rgba(255,255,255,0.3);\n  box-shadow: none;\n}\n.gallery-carousel-shortcode.gallery-carousel-shortcode-id-7c47d3727ec373ffbf4685ed344aeec1.gallery-shortcode .gallery-zoom-ico:before,\n.gallery-carousel-shortcode.gallery-carousel-shortcode-id-7c47d3727ec373ffbf4685ed344aeec1.gallery-shortcode .gallery-zoom-ico span {\n  font-size: 32px;\n  line-height: 44px;\n  color: #ffffff;\n  background: none;\n}\n<\/style><div class=\"owl-carousel gallery-carousel-shortcode gallery-shortcode  dt-gallery-container dt-owl-carousel-call gallery-carousel-shortcode-id-7c47d3727ec373ffbf4685ed344aeec1 quick-scale-img enable-bg-rollover meta-info-off dt-arrow-border-on dt-arrow-hover-border-on bullets-small-dot-stroke reposition-arrows dt-icon-bg-off arrows-bg-on disable-arrows-hover-bg arrows-hover-bg-on  hover-fade\" data-scroll-mode=\"1\" data-col-num=\"1\" data-wide-col-num=\"1\" data-laptop-col=\"1\" data-h-tablet-columns-num=\"1\" data-v-tablet-columns-num=\"1\" data-phone-columns-num=\"1\" data-col-gap=\"10\" data-stage-padding=\"0\" data-speed=\"600\" data-autoplay=\"false\" data-autoplay_speed=\"6000\" data-arrows=\"true\" data-bullet=\"false\" data-next-icon=\"icon-ar-017-r\" data-prev-icon=\"icon-ar-017-l\" data-img-shadow-size=\"12px\" data-img-shadow-spread=\"3px\"><div data-post-id=\"2002\" data-date=\"2022-12-14T20:04:55+00:00\" data-name=\"fotos-029\"><figure class=\"post\"><a href=\"https:\/\/www.ecolmare.es\/wp-content\/uploads\/2022\/12\/fotos-029.jpg\" class=\"rollover dt-pswp-item layzr-bg\" data-large_image_width=\"1170\" data-large_image_height=\"613\" data-dt-img-description=\"\" title=\"fotos-029\"><img fetchpriority=\"high\" decoding=\"async\" class=\"preload-me owl-lazy-load aspect\" src=\"data:image\/svg+xml,%3Csvg%20xmlns%3D&#39;http%3A%2F%2Fwww.w3.org%2F2000%2Fsvg&#39;%20viewBox%3D&#39;0%200%20817%20613&#39;%2F%3E\" data-src=\"https:\/\/www.ecolmare.es\/wp-content\/uploads\/2022\/12\/fotos-029-817x613.jpg\" data-srcset=\"https:\/\/www.ecolmare.es\/wp-content\/uploads\/2022\/12\/fotos-029-817x613.jpg 817w\" loading=\"eager\" style=\"--ratio: 817 \/ 613\" sizes=\"(max-width: 817px) 100vw, 817px\" alt=\"WATER CLEANING SERVICES\" width=\"817\" height=\"613\"  \/><span class=\"gallery-rollover\"><span class=\"gallery-zoom-ico icomoon-the7-font-the7-zoom-06\"><span><\/span><\/span><\/span><\/a><\/figure><\/div><div data-post-id=\"2004\" data-date=\"2022-12-14T20:04:56+00:00\" data-name=\"fotos-015\"><figure class=\"post\"><a href=\"https:\/\/www.ecolmare.es\/wp-content\/uploads\/2022\/12\/fotos-015.jpg\" class=\"rollover dt-pswp-item layzr-bg\" data-large_image_width=\"1170\" data-large_image_height=\"613\" data-dt-img-description=\"\" title=\"fotos-015\"><img decoding=\"async\" class=\"preload-me owl-lazy-load aspect\" src=\"data:image\/svg+xml,%3Csvg%20xmlns%3D&#39;http%3A%2F%2Fwww.w3.org%2F2000%2Fsvg&#39;%20viewBox%3D&#39;0%200%20817%20613&#39;%2F%3E\" data-src=\"https:\/\/www.ecolmare.es\/wp-content\/uploads\/2022\/12\/fotos-015-817x613.jpg\" data-srcset=\"https:\/\/www.ecolmare.es\/wp-content\/uploads\/2022\/12\/fotos-015-817x613.jpg 817w\" loading=\"eager\" style=\"--ratio: 817 \/ 613\" sizes=\"(max-width: 817px) 100vw, 817px\" alt=\"WATER CLEANING SERVICES\" width=\"817\" height=\"613\"  \/><span class=\"gallery-rollover\"><span class=\"gallery-zoom-ico icomoon-the7-font-the7-zoom-06\"><span><\/span><\/span><\/span><\/a><\/figure><\/div><div data-post-id=\"1996\" data-date=\"2022-12-14T20:04:51+00:00\" data-name=\"fotos-006\"><figure class=\"post\"><a href=\"https:\/\/www.ecolmare.es\/wp-content\/uploads\/2022\/12\/fotos-006.jpg\" class=\"rollover dt-pswp-item layzr-bg\" data-large_image_width=\"1170\" data-large_image_height=\"613\" data-dt-img-description=\"\" title=\"fotos-006\"><img decoding=\"async\" class=\"preload-me owl-lazy-load aspect\" src=\"data:image\/svg+xml,%3Csvg%20xmlns%3D&#39;http%3A%2F%2Fwww.w3.org%2F2000%2Fsvg&#39;%20viewBox%3D&#39;0%200%20817%20613&#39;%2F%3E\" data-src=\"https:\/\/www.ecolmare.es\/wp-content\/uploads\/2022\/12\/fotos-006-817x613.jpg\" data-srcset=\"https:\/\/www.ecolmare.es\/wp-content\/uploads\/2022\/12\/fotos-006-817x613.jpg 817w\" loading=\"eager\" style=\"--ratio: 817 \/ 613\" sizes=\"(max-width: 817px) 100vw, 817px\" alt=\"WATER CLEANING SERVICES\" width=\"817\" height=\"613\"  \/><span class=\"gallery-rollover\"><span class=\"gallery-zoom-ico icomoon-the7-font-the7-zoom-06\"><span><\/span><\/span><\/span><\/a><\/figure><\/div><div data-post-id=\"1994\" data-date=\"2022-12-14T20:04:49+00:00\" data-name=\"fotos-013\"><figure class=\"post\"><a href=\"https:\/\/www.ecolmare.es\/wp-content\/uploads\/2022\/12\/fotos-013.jpg\" class=\"rollover dt-pswp-item layzr-bg\" data-large_image_width=\"1170\" data-large_image_height=\"613\" data-dt-img-description=\"\" title=\"photos-013\"><img decoding=\"async\" class=\"preload-me owl-lazy-load aspect\" src=\"data:image\/svg+xml,%3Csvg%20xmlns%3D&#39;http%3A%2F%2Fwww.w3.org%2F2000%2Fsvg&#39;%20viewBox%3D&#39;0%200%20817%20613&#39;%2F%3E\" data-src=\"https:\/\/www.ecolmare.es\/wp-content\/uploads\/2022\/12\/fotos-013-817x613.jpg\" data-srcset=\"https:\/\/www.ecolmare.es\/wp-content\/uploads\/2022\/12\/fotos-013-817x613.jpg 817w\" loading=\"eager\" style=\"--ratio: 817 \/ 613\" sizes=\"(max-width: 817px) 100vw, 817px\" alt=\"WATER CLEANING SERVICES\" width=\"817\" height=\"613\"  \/><span class=\"gallery-rollover\"><span class=\"gallery-zoom-ico icomoon-the7-font-the7-zoom-06\"><span><\/span><\/span><\/span><\/a><\/figure><\/div><div data-post-id=\"1836\" data-date=\"2022-12-14T10:33:57+00:00\" data-name=\"Limpieza de aguas portuarias\"><figure class=\"post\"><a href=\"https:\/\/www.ecolmare.es\/wp-content\/uploads\/2022\/12\/slider-02.jpg\" class=\"rollover dt-pswp-item layzr-bg\" data-large_image_width=\"1200\" data-large_image_height=\"800\" data-dt-img-description=\"\" title=\"Port water clean-up\"><img decoding=\"async\" class=\"preload-me owl-lazy-load aspect\" src=\"data:image\/svg+xml,%3Csvg%20xmlns%3D&#39;http%3A%2F%2Fwww.w3.org%2F2000%2Fsvg&#39;%20viewBox%3D&#39;0%200%201066%20800&#39;%2F%3E\" data-src=\"https:\/\/www.ecolmare.es\/wp-content\/uploads\/2022\/12\/slider-02-1066x800.jpg\" data-srcset=\"https:\/\/www.ecolmare.es\/wp-content\/uploads\/2022\/12\/slider-02-1066x800.jpg 1066w\" loading=\"eager\" style=\"--ratio: 1066 \/ 800\" sizes=\"(max-width: 1066px) 100vw, 1066px\" alt=\"Port water clean-up\" width=\"1066\" height=\"800\"  \/><span class=\"gallery-rollover\"><span class=\"gallery-zoom-ico icomoon-the7-font-the7-zoom-06\"><span><\/span><\/span><\/span><\/a><\/figure><\/div><\/div><\/div><\/div><\/div><\/div><div class=\"vc_row wpb_row vc_row-fluid vc_custom_1671452122756\"><div class=\"wpb_column vc_column_container vc_col-sm-12\"><div class=\"vc_column-inner\"><div class=\"wpb_wrapper\"><div id=\"ultimate-heading-98869e536c47096c\" class=\"uvc-heading ult-adjust-bottom-margin ultimate-heading-98869e536c47096c uvc-3129\" data-hspacer=\"no_spacer\"  data-halign=\"left\" style=\"text-align:left\"><div class=\"uvc-heading-spacer no_spacer\" style=\"top\"><\/div><div class=\"uvc-main-heading ult-responsive\"  data-ultimate-target='.uvc-heading.ultimate-heading-98869e536c47096c h2'  data-responsive-json-new='{\"font-size\":\"\",\"line-height\":\"\"}' ><h2 style=\"font-weight:normal;margin-bottom:22px;\">Let's clean up the planet's coastlines<\/h2><\/div><div class=\"uvc-sub-heading ult-responsive\"  data-ultimate-target='.uvc-heading.ultimate-heading-98869e536c47096c .uvc-sub-heading '  data-responsive-json-new='{\"font-size\":\"desktop:20px;\",\"line-height\":\"\"}'  style=\"font-family:&#039;Open Sans Condensed&#039;;font-weight:700;color:#0098c8;\">We know that coastal waters are paradises that we love to enjoy, because as human beings, through the wonders of nature, we can connect with the world and enjoy the real marine paradise.<\/div><\/div><\/div><\/div><\/div><div class=\"wpb_column vc_column_container vc_col-sm-12\"><div class=\"vc_column-inner vc_custom_1671452188600\"><div class=\"wpb_wrapper\">\n\t<div class=\"wpb_text_column wpb_content_element  justify\" >\n\t\t<div class=\"wpb_wrapper\">\n\t\t\t<p>Unfortunately, the consequence of tourism results in a high amount of pollution, mainly received during the summer holidays, as a consequence of the growth of tourism due to its high economic importance.<\/p>\n<p>But at the same time it is in our hands to promote the correct care of nature, because, although it is an important source of income and entertainment for millions of people, it is our duty to keep it healthy, so that it can continue to be used in the future by other people, and our moral commitment also goes beyond that, reaching out to non-human species.<\/p>\n<p>At Ecolmare we offer more solutions to clean up coastlines, keeping harbour waters healthy and avoiding pollution at the expense of increased tourism.<\/p>\n<p>We must learn to see nature as an element under our care, and not just as an element to be exploited by human interests. Moreover, if we look at it in a cold way, it is an investment that we must protect, so that in the future we can continue to use it and it remains an attractive place for tourists.<\/p>\n\n\t\t<\/div>\n\t<\/div>\n<\/div><\/div><\/div><\/div><div class=\"vc_row wpb_row vc_row-fluid vc_custom_1676318791693\"><div class=\"wpb_column vc_column_container vc_col-sm-12\"><div class=\"vc_column-inner\"><div class=\"wpb_wrapper\">\n\t<div class=\"wpb_text_column wpb_content_element\" >\n\t\t<div class=\"wpb_wrapper\">\n\t\t\t<h2 class=\"h2A\">Coastal water clean-up<\/h2>\n<h2 class=\"h2B\">Coastal water clean-up<\/h2>\n<div class=\"h2separador\"><\/div>\n\n\t\t<\/div>\n\t<\/div>\n<\/div><\/div><\/div><\/div><div class=\"vc_row wpb_row vc_row-fluid vc_custom_1671452122756\"><div class=\"wpb_column vc_column_container vc_col-sm-12\"><div class=\"vc_column-inner\"><div class=\"wpb_wrapper\"><div id=\"ultimate-heading-908869e536c4715cb\" class=\"uvc-heading ult-adjust-bottom-margin ultimate-heading-908869e536c4715cb uvc-502\" data-hspacer=\"no_spacer\"  data-halign=\"left\" style=\"text-align:left\"><div class=\"uvc-heading-spacer no_spacer\" style=\"top\"><\/div><div class=\"uvc-main-heading ult-responsive\"  data-ultimate-target='.uvc-heading.ultimate-heading-908869e536c4715cb h2'  data-responsive-json-new='{\"font-size\":\"\",\"line-height\":\"\"}' ><h2 style=\"font-weight:normal;margin-bottom:22px;\">High-tech vessels<\/h2><\/div><div class=\"uvc-sub-heading ult-responsive\"  data-ultimate-target='.uvc-heading.ultimate-heading-908869e536c4715cb .uvc-sub-heading '  data-responsive-json-new='{\"font-size\":\"desktop:20px;\",\"line-height\":\"\"}'  style=\"font-family:&#039;Open Sans Condensed&#039;;font-weight:700;color:#0098c8;\">For this reason, at Ecolmare we use boats with the highest technology, which we use to clean port, coastal and inland waters, eliminating all types of waste, in order to keep the marine territory clean and to keep it as an object of beauty and admiration for human beings.<\/div><\/div><\/div><\/div><\/div><div class=\"wpb_column vc_column_container vc_col-sm-12\"><div class=\"vc_column-inner vc_custom_1671452188600\"><div class=\"wpb_wrapper\">\n\t<div class=\"wpb_text_column wpb_content_element  justify\" >\n\t\t<div class=\"wpb_wrapper\">\n\t\t\t<p>Unfortunately, the consequence of tourism results in a high amount of pollution, mainly received during the summer season, as a consequence of the growth of tourism due to its high economic importance.<\/p>\n<p>In the same way, keeping inland waters free and clean goes beyond a simple aesthetic sense, since, as part of the ecosystem, we must promote an ecological balance that keeps the species with which we share the territory safe.<\/p>\n<p>Thanks to our vessels, \"Pelican\", \"Minipelican\" and \"Gavina\", we cover port and coastal waters. With this objective in mind, our main purpose is to remove floating waste from the waters.<\/p>\n<p>We strive to remove both solid and oily waste to ensure water conservation and prevent pollution. By promoting responsible care of the environment, we seek to encourage sustainable and responsible use of natural resources.<\/p>\n\n\t\t<\/div>\n\t<\/div>\n<\/div><\/div><\/div><\/div><div class=\"vc_row wpb_row vc_row-fluid vc_custom_1676319292812\"><div class=\"wpb_column vc_column_container vc_col-sm-12\"><div class=\"vc_column-inner\"><div class=\"wpb_wrapper\"><div class=\"vc_message_box vc_message_box-standard vc_message_box-rounded vc_color-info\" ><div class=\"vc_message_box-icon\"><i class=\"fa fa-solid fa-circle-info\"><\/i><\/div><p>Do not hesitate to contact <strong><a href=\"https:\/\/www.ecolmare.es\/en\/contact\/\">contact with us<\/a><\/strong> through the number <strong>(+34) 93 225 65 45<\/strong>. Our representatives will be happy to answer any questions or concerns you may have. Either by phone or by email <strong><a href=\"mailto:ecolmare@poreyser.com?Subject=ecolmare.com\">ecolmare@poreyser.com<\/a><\/strong>we are here to help you. Company belonging to the group <a href=\"https:\/\/poreyser.com\/\" target=\"_blank\" rel=\"noopener\"><strong>P&amp;O Reyser<\/strong><\/a><\/p>\n<\/div><\/div><\/div><\/div><\/div>\n<\/div>","protected":false},"excerpt":{"rendered":"<p>Limpieza de aguas litorales es un programa necesario durante todo el a\u00f1o ya que las aguas litorales sufren un aumento de la poluci\u00f3n flotante debido a la falta de concienciaci\u00f3n y al impacto del turismo, como el uso masivo de embarcaciones de recreo y el aumento de la poblaci\u00f3n en zonas costeras en temporada estival.&hellip;<\/p>","protected":false},"author":1,"featured_media":1835,"parent":1844,"menu_order":0,"comment_status":"closed","ping_status":"closed","template":"","meta":{"inline_featured_image":false,"_joinchat":[],"footnotes":""},"class_list":["post-1846","page","type-page","status-publish","has-post-thumbnail","hentry","description-off"],"_links":{"self":[{"href":"https:\/\/www.ecolmare.es\/en\/wp-json\/wp\/v2\/pages\/1846","targetHints":{"allow":["GET"]}}],"collection":[{"href":"https:\/\/www.ecolmare.es\/en\/wp-json\/wp\/v2\/pages"}],"about":[{"href":"https:\/\/www.ecolmare.es\/en\/wp-json\/wp\/v2\/types\/page"}],"author":[{"embeddable":true,"href":"https:\/\/www.ecolmare.es\/en\/wp-json\/wp\/v2\/users\/1"}],"replies":[{"embeddable":true,"href":"https:\/\/www.ecolmare.es\/en\/wp-json\/wp\/v2\/comments?post=1846"}],"version-history":[{"count":0,"href":"https:\/\/www.ecolmare.es\/en\/wp-json\/wp\/v2\/pages\/1846\/revisions"}],"up":[{"embeddable":true,"href":"https:\/\/www.ecolmare.es\/en\/wp-json\/wp\/v2\/pages\/1844"}],"wp:featuredmedia":[{"embeddable":true,"href":"https:\/\/www.ecolmare.es\/en\/wp-json\/wp\/v2\/media\/1835"}],"wp:attachment":[{"href":"https:\/\/www.ecolmare.es\/en\/wp-json\/wp\/v2\/media?parent=1846"}],"curies":[{"name":"wp","href":"https:\/\/api.w.org\/{rel}","templated":true}]}}