{"id":1856,"date":"2022-12-14T11:12:09","date_gmt":"2022-12-14T11:12:09","guid":{"rendered":"https:\/\/www.ecolmare.es\/?page_id=1856"},"modified":"2023-03-30T09:49:29","modified_gmt":"2023-03-30T09:49:29","slug":"recursos","status":"publish","type":"page","link":"https:\/\/www.ecolmare.es\/ca\/recursos\/","title":{"rendered":"Recursos"},"content":{"rendered":"<div class=\"wpb-content-wrapper\"><div class=\"vc_row wpb_row vc_row-fluid vc_custom_1676364765342 vc_row-o-equal-height vc_row-o-content-middle vc_row-flex\"><div class=\"wpb_column vc_column_container vc_col-sm-8 vc_col-lg-offset-0 vc_col-lg-6 vc_col-md-offset-0 vc_col-md-6 vc_col-sm-offset-2 vc_col-xs-12\"><div class=\"vc_column-inner vc_custom_1498750429084\"><div class=\"wpb_wrapper\"><style type=\"text\/css\" data-type=\"the7_shortcodes-inline-css\">.shortcode-single-image-wrap.shortcode-single-image-6bcab1c2d6c122740712545956c28343.enable-bg-rollover .rollover i,\n.shortcode-single-image-wrap.shortcode-single-image-6bcab1c2d6c122740712545956c28343.enable-bg-rollover .rollover-video i {\n  background: -webkit-linear-gradient();\n  background: linear-gradient();\n}\n.shortcode-single-image-wrap.shortcode-single-image-6bcab1c2d6c122740712545956c28343 .rollover-icon {\n  font-size: 32px;\n  color: #ffffff;\n  min-width: 44px;\n  min-height: 44px;\n  line-height: 44px;\n  border-radius: 100px;\n  border-style: solid;\n  border-width: 0px;\n}\n.dt-icon-bg-on.shortcode-single-image-wrap.shortcode-single-image-6bcab1c2d6c122740712545956c28343 .rollover-icon {\n  background: rgba(255,255,255,0.3);\n  box-shadow: none;\n}\n<\/style><div class=\"shortcode-single-image-wrap shortcode-single-image-6bcab1c2d6c122740712545956c28343 alignnone  enable-bg-rollover dt-icon-bg-off\" style=\"margin-top:0px; margin-bottom:0px; margin-left:0px; margin-right:0px; width:800px;\"><div class=\"shortcode-single-image\"><div class=\"fancy-media-wrap  layzr-bg\" style=\"\"><img fetchpriority=\"high\" decoding=\"async\" class=\"preload-me lazy-load aspect\" src=\"data:image\/svg+xml,%3Csvg%20xmlns%3D&#39;http%3A%2F%2Fwww.w3.org%2F2000%2Fsvg&#39;%20viewBox%3D&#39;0%200%20613%20613&#39;%2F%3E\" data-src=\"https:\/\/www.ecolmare.es\/wp-content\/uploads\/2022\/12\/fotos-031-613x613.jpg\" data-srcset=\"https:\/\/www.ecolmare.es\/wp-content\/uploads\/2022\/12\/fotos-031-613x613.jpg 613w\" loading=\"eager\" sizes=\"(max-width: 613px) 100vw, 613px\" width=\"613\" height=\"613\"  data-dt-location=\"https:\/\/www.ecolmare.es\/ca\/fotos-031\/\" style=\"--ratio: 613 \/ 613;\" alt=\"Serveis de neteja d&#039;aigua\" \/><\/div><\/div><\/div><\/div><\/div><\/div><div class=\"wpb_column vc_column_container vc_col-sm-8 vc_col-lg-offset-0 vc_col-lg-6 vc_col-md-offset-0 vc_col-md-6 vc_col-sm-offset-2 vc_col-xs-12\"><div class=\"vc_column-inner vc_custom_1498750488327\"><div class=\"wpb_wrapper\"><div id=\"ultimate-heading-500169e188ce98656\" class=\"uvc-heading ult-adjust-bottom-margin ultimate-heading-500169e188ce98656 uvc-4408 color-title accent-title-color\" data-hspacer=\"no_spacer\"  data-halign=\"left\" style=\"text-align:left\"><div class=\"uvc-heading-spacer no_spacer\" style=\"top\"><\/div><div class=\"uvc-main-heading ult-responsive\"  data-ultimate-target='.uvc-heading.ultimate-heading-500169e188ce98656 h2'  data-responsive-json-new='{\"font-size\":\"desktop:20px;\",\"line-height\":\"desktop:26px;\"}' ><h2 style=\"font-weight:bold;margin-bottom:5px;\">Instalaciones<\/h2><\/div><div class=\"uvc-sub-heading ult-responsive\"  data-ultimate-target='.uvc-heading.ultimate-heading-500169e188ce98656 .uvc-sub-heading '  data-responsive-json-new='{\"font-size\":\"desktop:34px;\",\"line-height\":\"desktop:40px;\"}'  style=\"font-family:&#039;Open Sans Condensed&#039;;font-weight:700;margin-bottom:20px;\">Oficinas centrales<\/div><\/div>\n\t<div class=\"wpb_text_column wpb_content_element  vc_custom_1675595221350\" >\n\t\t<div class=\"wpb_wrapper\">\n\t\t\t<p>Ecolmare dispone de oficina central en el Puerto de Barcelona y 2 bases t\u00e9cnicas y de almacenaje, en Tarragona y en M\u00e1laga.<\/p>\n<p>Gracias a nuestra infraestructura podemos brindar nuestros diferentes servicios a las aguas portuarias, litorales y continentales de todo el pa\u00eds, colaborando con cualquier tipo de administraci\u00f3n p\u00fablica y\/o privada.<\/p>\n\n\t\t<\/div>\n\t<\/div>\n<div id=\"ultimate-heading-34369e188ce98849\" class=\"uvc-heading ult-adjust-bottom-margin ultimate-heading-34369e188ce98849 uvc-6880 color-title accent-title-color\" data-hspacer=\"no_spacer\"  data-halign=\"left\" style=\"text-align:left\"><div class=\"uvc-heading-spacer no_spacer\" style=\"top\"><\/div><div class=\"uvc-main-heading ult-responsive\"  data-ultimate-target='.uvc-heading.ultimate-heading-34369e188ce98849 h2'  data-responsive-json-new='{\"font-size\":\"desktop:20px;\",\"line-height\":\"desktop:26px;\"}' ><h2 style=\"font-weight:bold;margin-bottom:5px;\">Medios Humanos<\/h2><\/div><div class=\"uvc-sub-heading ult-responsive\"  data-ultimate-target='.uvc-heading.ultimate-heading-34369e188ce98849 .uvc-sub-heading '  data-responsive-json-new='{\"font-size\":\"desktop:34px;\",\"line-height\":\"desktop:40px;\"}'  style=\"font-family:&#039;Open Sans Condensed&#039;;font-weight:700;margin-bottom:20px;\">Los mas cualificados y profesionales<\/div><\/div>\n\t<div class=\"wpb_text_column wpb_content_element  vc_custom_1671110419187\" >\n\t\t<div class=\"wpb_wrapper\">\n\t\t\t<p>Patrones, marineros, mec\u00e1nicos, operarios de mantenimiento, buzos profesionales y personal administrativo.<\/p>\n<p>Nuestro equipo tiene la mayor experiencia en las \u00e1reas de <a class=\"wpil_keyword_link\" href=\"https:\/\/www.ecolmare.es\/ca\/serveis\/neteja-d-aigues-portuaries\/\"   title=\"Neteja de les aig\u00fces del port\" data-wpil-keyword-link=\"linked\">Neteja de les aig\u00fces del port<\/a>, litorales y continentales, a trav\u00e9s de los a\u00f1os hemos aprendido a combatir cualquier tipo de situaci\u00f3n, evitando y deteniendo el deterioro ambiental.<\/p>\n\n\t\t<\/div>\n\t<\/div>\n<style type=\"text\/css\" data-type=\"the7_shortcodes-inline-css\">#default-btn-20f69cfe31581a5bbe3e8f0b0a650242.ico-right-side > i {\n  margin-right: 0px;\n  margin-left: 8px;\n}\n#default-btn-20f69cfe31581a5bbe3e8f0b0a650242 > i {\n  margin-right: 8px;\n}\n<\/style><a href=\"https:\/\/www.ecolmare.es\/ca\/contacte\/\" class=\"default-btn-shortcode dt-btn dt-btn-m link-hover-off btn-inline-left  vc_custom_1671110383841\" id=\"default-btn-20f69cfe31581a5bbe3e8f0b0a650242\" title=\"Contacte\"><span>CONTACTO<\/span><\/a><\/div><\/div><\/div><\/div><div class=\"vc_row wpb_row vc_row-fluid vc_custom_1490526340467 vc_row-o-equal-height vc_row-o-content-middle vc_row-flex\"><div class=\"wpb_column vc_column_container vc_col-sm-8 vc_col-lg-offset-0 vc_col-lg-6 vc_col-md-offset-0 vc_col-md-6 vc_col-sm-offset-2 vc_col-xs-12\"><div class=\"vc_column-inner vc_custom_1498750429084\"><div class=\"wpb_wrapper\"><style type=\"text\/css\" data-type=\"the7_shortcodes-inline-css\">.shortcode-single-image-wrap.shortcode-single-image-a35ec28d4e61549622a38d43dcbbfd77.enable-bg-rollover .rollover i,\n.shortcode-single-image-wrap.shortcode-single-image-a35ec28d4e61549622a38d43dcbbfd77.enable-bg-rollover .rollover-video i {\n  background: -webkit-linear-gradient();\n  background: linear-gradient();\n}\n.shortcode-single-image-wrap.shortcode-single-image-a35ec28d4e61549622a38d43dcbbfd77 .rollover-icon {\n  font-size: 32px;\n  color: #ffffff;\n  min-width: 44px;\n  min-height: 44px;\n  line-height: 44px;\n  border-radius: 100px;\n  border-style: solid;\n  border-width: 0px;\n}\n.dt-icon-bg-on.shortcode-single-image-wrap.shortcode-single-image-a35ec28d4e61549622a38d43dcbbfd77 .rollover-icon {\n  background: rgba(255,255,255,0.3);\n  box-shadow: none;\n}\n<\/style><div class=\"shortcode-single-image-wrap shortcode-single-image-a35ec28d4e61549622a38d43dcbbfd77 alignnone  enable-bg-rollover dt-icon-bg-off\" style=\"margin-top:0px; margin-bottom:0px; margin-left:0px; margin-right:0px; width:800px;\"><div class=\"shortcode-single-image\"><div class=\"fancy-media-wrap  layzr-bg\" style=\"\"><img decoding=\"async\" class=\"preload-me lazy-load aspect\" src=\"data:image\/svg+xml,%3Csvg%20xmlns%3D&#39;http%3A%2F%2Fwww.w3.org%2F2000%2Fsvg&#39;%20viewBox%3D&#39;0%200%20613%20613&#39;%2F%3E\" data-src=\"https:\/\/www.ecolmare.es\/wp-content\/uploads\/2022\/12\/fotos-012-613x613.jpg\" data-srcset=\"https:\/\/www.ecolmare.es\/wp-content\/uploads\/2022\/12\/fotos-012-613x613.jpg 613w\" loading=\"eager\" sizes=\"(max-width: 613px) 100vw, 613px\" width=\"613\" height=\"613\"  data-dt-location=\"https:\/\/www.ecolmare.es\/ca\/fotos-012\/\" style=\"--ratio: 613 \/ 613;\" alt=\"Serveis de neteja d&#039;aigua\" \/><\/div><\/div><\/div><\/div><\/div><\/div><div class=\"wpb_column vc_column_container vc_col-sm-8 vc_col-lg-offset-0 vc_col-lg-6 vc_col-md-offset-0 vc_col-md-6 vc_col-sm-offset-2 vc_col-xs-12\"><div class=\"vc_column-inner vc_custom_1498750488327\"><div class=\"wpb_wrapper\"><div id=\"ultimate-heading-59769e188ce99d39\" class=\"uvc-heading ult-adjust-bottom-margin ultimate-heading-59769e188ce99d39 uvc-2424 color-title accent-title-color\" data-hspacer=\"no_spacer\"  data-halign=\"left\" style=\"text-align:left\"><div class=\"uvc-heading-spacer no_spacer\" style=\"top\"><\/div><div class=\"uvc-main-heading ult-responsive\"  data-ultimate-target='.uvc-heading.ultimate-heading-59769e188ce99d39 h2'  data-responsive-json-new='{\"font-size\":\"desktop:20px;\",\"line-height\":\"desktop:26px;\"}' ><h2 style=\"font-weight:bold;margin-bottom:5px;\">Medios T\u00e9cnicos<\/h2><\/div><div class=\"uvc-sub-heading ult-responsive\"  data-ultimate-target='.uvc-heading.ultimate-heading-59769e188ce99d39 .uvc-sub-heading '  data-responsive-json-new='{\"font-size\":\"desktop:34px;\",\"line-height\":\"desktop:40px;\"}'  style=\"font-family:&#039;Open Sans Condensed&#039;;font-weight:700;margin-bottom:20px;\">Una gran variedad de recursos y herramientas.<\/div><\/div>\n\t<div class=\"wpb_text_column wpb_content_element  vc_custom_1671110471860\" >\n\t\t<div class=\"wpb_wrapper\">\n\t\t\t<p>En nuestro \u00e1mbito, la tecnolog\u00eda utilizada es sumamente importante, ya que el equipo utilizado garantizar\u00e1 la mayor seguridad tanto de nuestros trabajadores, nuestra infraestructura, la zona que estemos tratando y por supuesto, el ecosistema.<\/p>\n<p><strong>Entre nuestros medios t\u00e9cnicos de alta tecnolog\u00eda encontramos:<\/strong><\/p>\n\n\t\t<\/div>\n\t<\/div>\n<div class=\"standard-arrow list-divider bullet-top\"><ul>\n<li>Camiones Pluma<\/li>\n<li>Furgonetas taller<\/li>\n<li>Barreras de contenci\u00f3n<\/li>\n<li>Barreras absorbentes<\/li>\n<\/ul>\n<\/div><style type=\"text\/css\" data-type=\"the7_shortcodes-inline-css\">#default-btn-20f69cfe31581a5bbe3e8f0b0a650242.ico-right-side > i {\n  margin-right: 0px;\n  margin-left: 8px;\n}\n#default-btn-20f69cfe31581a5bbe3e8f0b0a650242 > i {\n  margin-right: 8px;\n}\n<\/style><a href=\"https:\/\/www.ecolmare.es\/ca\/contacte\/\" class=\"default-btn-shortcode dt-btn dt-btn-m link-hover-off btn-inline-left  vc_custom_1671110383841\" id=\"default-btn-20f69cfe31581a5bbe3e8f0b0a650242\" title=\"Contacte\"><span>CONTACTO<\/span><\/a><\/div><\/div><\/div><\/div><div class=\"vc_row wpb_row vc_row-fluid vc_custom_1490526340467 vc_row-o-equal-height vc_row-o-content-middle vc_row-flex\"><div class=\"wpb_column vc_column_container vc_col-sm-8 vc_col-lg-offset-0 vc_col-lg-6 vc_col-md-offset-0 vc_col-md-6 vc_col-sm-offset-2 vc_col-xs-12\"><div class=\"vc_column-inner vc_custom_1498750429084\"><div class=\"wpb_wrapper\"><style type=\"text\/css\" data-type=\"the7_shortcodes-inline-css\">.shortcode-single-image-wrap.shortcode-single-image-8494c2d157eafe7c87ed17c62c508773.enable-bg-rollover .rollover i,\n.shortcode-single-image-wrap.shortcode-single-image-8494c2d157eafe7c87ed17c62c508773.enable-bg-rollover .rollover-video i {\n  background: -webkit-linear-gradient();\n  background: linear-gradient();\n}\n.shortcode-single-image-wrap.shortcode-single-image-8494c2d157eafe7c87ed17c62c508773 .rollover-icon {\n  font-size: 32px;\n  color: #ffffff;\n  min-width: 44px;\n  min-height: 44px;\n  line-height: 44px;\n  border-radius: 100px;\n  border-style: solid;\n  border-width: 0px;\n}\n.dt-icon-bg-on.shortcode-single-image-wrap.shortcode-single-image-8494c2d157eafe7c87ed17c62c508773 .rollover-icon {\n  background: rgba(255,255,255,0.3);\n  box-shadow: none;\n}\n<\/style><div class=\"shortcode-single-image-wrap shortcode-single-image-8494c2d157eafe7c87ed17c62c508773 alignnone  enable-bg-rollover dt-icon-bg-off\" style=\"margin-top:0px; margin-bottom:0px; margin-left:0px; margin-right:0px; width:800px;\"><div class=\"shortcode-single-image\"><div class=\"fancy-media-wrap  layzr-bg\" style=\"\"><img decoding=\"async\" class=\"preload-me lazy-load aspect\" src=\"data:image\/svg+xml,%3Csvg%20xmlns%3D&#39;http%3A%2F%2Fwww.w3.org%2F2000%2Fsvg&#39;%20viewBox%3D&#39;0%200%20800%20800&#39;%2F%3E\" data-src=\"https:\/\/www.ecolmare.es\/wp-content\/uploads\/2022\/12\/slider-01-800x800.jpg\" data-srcset=\"https:\/\/www.ecolmare.es\/wp-content\/uploads\/2022\/12\/slider-01-800x800.jpg 800w\" loading=\"eager\" sizes=\"(max-width: 800px) 100vw, 800px\" width=\"800\" height=\"800\"  data-dt-location=\"https:\/\/www.ecolmare.es\/ca\/slider-01\/\" style=\"--ratio: 800 \/ 800;\" alt=\"Neteja de les aig\u00fces costaneres\" \/><\/div><\/div><\/div><\/div><\/div><\/div><div class=\"wpb_column vc_column_container vc_col-sm-8 vc_col-lg-offset-0 vc_col-lg-6 vc_col-md-offset-0 vc_col-md-6 vc_col-sm-offset-2 vc_col-xs-12\"><div class=\"vc_column-inner vc_custom_1498750488327\"><div class=\"wpb_wrapper\"><div id=\"ultimate-heading-771969e188ce9af11\" class=\"uvc-heading ult-adjust-bottom-margin ultimate-heading-771969e188ce9af11 uvc-15 color-title accent-title-color\" data-hspacer=\"no_spacer\"  data-halign=\"left\" style=\"text-align:left\"><div class=\"uvc-heading-spacer no_spacer\" style=\"top\"><\/div><div class=\"uvc-main-heading ult-responsive\"  data-ultimate-target='.uvc-heading.ultimate-heading-771969e188ce9af11 h2'  data-responsive-json-new='{\"font-size\":\"desktop:20px;\",\"line-height\":\"desktop:26px;\"}' ><h2 style=\"font-weight:bold;margin-bottom:5px;\">Flota<\/h2><\/div><div class=\"uvc-sub-heading ult-responsive\"  data-ultimate-target='.uvc-heading.ultimate-heading-771969e188ce9af11 .uvc-sub-heading '  data-responsive-json-new='{\"font-size\":\"desktop:34px;\",\"line-height\":\"desktop:40px;\"}'  style=\"font-family:&#039;Open Sans Condensed&#039;;font-weight:700;margin-bottom:20px;\">Toda una flota a su disposici\u00f3n.<\/div><\/div>\n\t<div class=\"wpb_text_column wpb_content_element  vc_custom_1671110554784\" >\n\t\t<div class=\"wpb_wrapper\">\n\t\t\t<p>De la misma forma es importante contar con la flota necesaria para realizar no solamente la limpieza, sino tambi\u00e9n favorecer los diagn\u00f3sticos y los traslados del equipo necesario hasta la zona.<\/p>\n<p>Nuestras embarcaciones cuentan con la m\u00e1s alta seguridad, para brindar un mejor servicio de limpieza de las aguas portuarias, litorales y continentales, evitando minimizar el impacto de agentes contaminantes y frenando la contaminaci\u00f3n de mares y oc\u00e9anos.<\/p>\n<p><strong>Nuestras embarcaciones:<\/strong><\/p>\n\n\t\t<\/div>\n\t<\/div>\n<div class=\"standard-arrow list-divider bullet-top\"><ul>\n<li>Pelican<\/li>\n<li>Minipelican<\/li>\n<li>Gavina<\/li>\n<\/ul>\n<\/div><style type=\"text\/css\" data-type=\"the7_shortcodes-inline-css\">#default-btn-20f69cfe31581a5bbe3e8f0b0a650242.ico-right-side > i {\n  margin-right: 0px;\n  margin-left: 8px;\n}\n#default-btn-20f69cfe31581a5bbe3e8f0b0a650242 > i {\n  margin-right: 8px;\n}\n<\/style><a href=\"https:\/\/www.ecolmare.es\/ca\/contacte\/\" class=\"default-btn-shortcode dt-btn dt-btn-m link-hover-off btn-inline-left  vc_custom_1671110383841\" id=\"default-btn-20f69cfe31581a5bbe3e8f0b0a650242\" title=\"Contacte\"><span>CONTACTO<\/span><\/a><\/div><\/div><\/div><\/div><div class=\"vc_row wpb_row vc_row-fluid flota vc_custom_1671112803535\"><div class=\"wpb_column vc_column_container vc_col-sm-4\"><div class=\"vc_column-inner\"><div class=\"wpb_wrapper\"><div class=\"vc-hoverbox-wrapper  vc-hoverbox-shape--rounded vc-hoverbox-align--center vc-hoverbox-direction--default vc-hoverbox-width--100\"  ontouchstart=\"\">\n  <div class=\"vc-hoverbox\">\n    <div class=\"vc-hoverbox-inner\">\n      <div class=\"vc-hoverbox-block vc-hoverbox-front\" style=\"background-image: url(https:\/\/www.ecolmare.es\/wp-content\/uploads\/2022\/12\/ecolmare-1024x560.jpg);\">\n        <div class=\"vc-hoverbox-block-inner vc-hoverbox-front-inner\">\n            <h2 style=\"font-size: 55px;color: #ffffff;text-align: center\" class=\"vc_custom_heading vc_do_custom_heading\">Pelican<\/h2>\n        <\/div>\n      <\/div>\n      <div class=\"vc-hoverbox-block vc-hoverbox-back\" style=\"background-color: #ebebeb;\">\n        <div class=\"vc-hoverbox-block-inner vc-hoverbox-back-inner\">\n            <h2 style=\"text-align:center\">Pelican<\/h2>\n            <p>Eslora: <strong>10,80 m<\/strong><br \/>\nManga: <strong>2,5 m<\/strong><br \/>\nVelocidad: <strong>&gt; 7 nudos<\/strong><br \/>\nCa\u00f1on de agua<br \/>\nOxigenador de aguas<br \/>\nTripulante: <b>2<\/b><br \/>\nAlmacenamiento: <strong>5 m\u00b3<\/strong><br \/>\nManga \u00fatil de trabajo <strong>5,5m<\/strong><br \/>\n&#8212;<\/p>\n\n            \n        <\/div>\n      <\/div>\n    <\/div>\n  <\/div>\n<\/div><\/div><\/div><\/div><div class=\"wpb_column vc_column_container vc_col-sm-4\"><div class=\"vc_column-inner\"><div class=\"wpb_wrapper\"><div class=\"vc-hoverbox-wrapper  vc-hoverbox-shape--rounded vc-hoverbox-align--center vc-hoverbox-direction--default vc-hoverbox-width--100\"  ontouchstart=\"\">\n  <div class=\"vc-hoverbox\">\n    <div class=\"vc-hoverbox-inner\">\n      <div class=\"vc-hoverbox-block vc-hoverbox-front\" style=\"background-image: url(https:\/\/www.ecolmare.es\/wp-content\/uploads\/2023\/02\/MiniPelican.jpg);\">\n        <div class=\"vc-hoverbox-block-inner vc-hoverbox-front-inner\">\n            <h2 style=\"font-size: 55px;color: #ffffff;text-align: center\" class=\"vc_custom_heading vc_do_custom_heading\">Minipelican<\/h2>\n        <\/div>\n      <\/div>\n      <div class=\"vc-hoverbox-block vc-hoverbox-back\" style=\"background-color: #ebebeb;\">\n        <div class=\"vc-hoverbox-block-inner vc-hoverbox-back-inner\">\n            <h2 style=\"text-align:center\">Minipelican<\/h2>\n            <p>Eslora: <strong>6,10 m<\/strong><br \/>\nManga: <strong>2,40 m<\/strong><br \/>\nVelocidad: <strong>15 nudos<\/strong><br \/>\nCa\u00f1on de agua<br \/>\nOxigenador de aguas<br \/>\nTripulante: <strong>1<\/strong><br \/>\nCapacidad de almacenamiento:<strong> 2 m\u00b3<\/strong><br \/>\nManga \u00fatil de trabajo <strong>4,1m<\/strong><br \/>\n&#8212;<\/p>\n\n            \n        <\/div>\n      <\/div>\n    <\/div>\n  <\/div>\n<\/div><\/div><\/div><\/div><div class=\"wpb_column vc_column_container vc_col-sm-4\"><div class=\"vc_column-inner\"><div class=\"wpb_wrapper\"><div class=\"vc-hoverbox-wrapper  vc-hoverbox-shape--rounded vc-hoverbox-align--center vc-hoverbox-direction--default vc-hoverbox-width--100\"  ontouchstart=\"\">\n  <div class=\"vc-hoverbox\">\n    <div class=\"vc-hoverbox-inner\">\n      <div class=\"vc-hoverbox-block vc-hoverbox-front\" style=\"background-image: url(https:\/\/www.ecolmare.es\/wp-content\/uploads\/2022\/12\/fotos-020-1024x537.jpg);\">\n        <div class=\"vc-hoverbox-block-inner vc-hoverbox-front-inner\">\n            <h2 style=\"font-size: 55px;color: #ffffff;text-align: center\" class=\"vc_custom_heading vc_do_custom_heading\">Gavina<\/h2>\n        <\/div>\n      <\/div>\n      <div class=\"vc-hoverbox-block vc-hoverbox-back\" style=\"background-color: #ebebeb;\">\n        <div class=\"vc-hoverbox-block-inner vc-hoverbox-back-inner\">\n            <h2 style=\"text-align:center\">Gavina<\/h2>\n            <p>Eslora: <strong>5,50 m<\/strong><br \/>\nManga: <strong>2,20 m<\/strong><br \/>\nVelocidad: <strong>20 nudos<\/strong><br \/>\nTripulante: <strong>1<\/strong><br \/>\nCapacidad de almacenamiento: <strong>1,2 m\u00b3<\/strong><br \/>\nmanga \u00fatil de trabajo <strong>4,3m<\/strong><br \/>\n&#8212;<br \/>\n&#8212;<br \/>\n&#8212;<\/p>\n\n            \n        <\/div>\n      <\/div>\n    <\/div>\n  <\/div>\n<\/div><\/div><\/div><\/div><\/div><div class=\"vc_row wpb_row vc_row-fluid vc_custom_1498212491956\"><div class=\"wpb_column vc_column_container vc_col-sm-12\"><div class=\"vc_column-inner\"><div class=\"wpb_wrapper\"><div id=\"ultimate-heading-600669e188ce9d37e\" class=\"uvc-heading ult-adjust-bottom-margin ultimate-heading-600669e188ce9d37e uvc-6908 color-title accent-title-color\" data-hspacer=\"no_spacer\"  data-halign=\"center\" style=\"text-align:center\"><div class=\"uvc-heading-spacer no_spacer\" style=\"top\"><\/div><div class=\"uvc-main-heading ult-responsive\"  data-ultimate-target='.uvc-heading.ultimate-heading-600669e188ce9d37e h2'  data-responsive-json-new='{\"font-size\":\"desktop:40px;tablet_portrait:20px;\",\"line-height\":\"desktop:46px;tablet_portrait:26px;\"}' ><h2 style=\"font-family:&#039;Open Sans Condensed&#039;;font-weight:700;margin-bottom:10px;\">aguas limpias<\/h2><\/div><div class=\"uvc-sub-heading ult-responsive\"  data-ultimate-target='.uvc-heading.ultimate-heading-600669e188ce9d37e .uvc-sub-heading '  data-responsive-json-new='{\"font-size\":\"desktop:70px;tablet_portrait:40px;\",\"line-height\":\"desktop:76px;tablet_portrait:46px;\"}'  style=\"font-family:&#039;Open Sans Condensed&#039;;font-weight:700;\">aguas ecolmare<\/div><\/div><style type=\"text\/css\" data-type=\"the7_shortcodes-inline-css\">#default-btn-2b71b8e338a459fd419f39fa0219d568.ico-right-side > i {\n  margin-right: 0px;\n  margin-left: 8px;\n}\n#default-btn-2b71b8e338a459fd419f39fa0219d568 > i {\n  margin-right: 8px;\n}\n<\/style><div class=\"btn-align-center\"><a href=\"\/ca\/contacte\/\" class=\"default-btn-shortcode dt-btn dt-btn-l link-hover-off  vc_custom_1671112934020\" id=\"default-btn-2b71b8e338a459fd419f39fa0219d568\" style=\"width:400px;\"><span>PEDIR PRESUPUESTO<\/span><\/a><\/div><\/div><\/div><\/div><\/div><!-- Row Backgrounds --><div class=\"upb_color\" data-bg-override=\"ex-full\" data-bg-color=\"#f5f5f5\" data-fadeout=\"\" data-fadeout-percentage=\"30\" data-parallax-content=\"\" data-parallax-content-sense=\"30\" data-row-effect-mobile-disable=\"true\" data-img-parallax-mobile-disable=\"true\" data-rtl=\"false\"  data-custom-vc-row=\"\"  data-vc=\"8.6.1\"  data-is_old_vc=\"\"  data-theme-support=\"\"   data-overlay=\"false\" data-overlay-color=\"\" data-overlay-pattern=\"\" data-overlay-pattern-opacity=\"\" data-overlay-pattern-size=\"\"    ><\/div>\n<\/div>","protected":false},"excerpt":{"rendered":"<p>InstalacionesOficinas centrales Ecolmare dispone de oficina central en el Puerto de Barcelona y 2 bases t\u00e9cnicas y de almacenaje, en Tarragona y en M\u00e1laga. Gracias a nuestra infraestructura podemos brindar nuestros diferentes servicios a las aguas portuarias, litorales y continentales de todo el pa\u00eds, colaborando con cualquier tipo de administraci\u00f3n p\u00fablica y\/o privada. Medios HumanosLos&hellip;<\/p>","protected":false},"author":1,"featured_media":0,"parent":0,"menu_order":0,"comment_status":"closed","ping_status":"closed","template":"","meta":{"inline_featured_image":false,"_joinchat":[],"footnotes":""},"class_list":["post-1856","page","type-page","status-publish","hentry","description-off"],"_links":{"self":[{"href":"https:\/\/www.ecolmare.es\/ca\/wp-json\/wp\/v2\/pages\/1856","targetHints":{"allow":["GET"]}}],"collection":[{"href":"https:\/\/www.ecolmare.es\/ca\/wp-json\/wp\/v2\/pages"}],"about":[{"href":"https:\/\/www.ecolmare.es\/ca\/wp-json\/wp\/v2\/types\/page"}],"author":[{"embeddable":true,"href":"https:\/\/www.ecolmare.es\/ca\/wp-json\/wp\/v2\/users\/1"}],"replies":[{"embeddable":true,"href":"https:\/\/www.ecolmare.es\/ca\/wp-json\/wp\/v2\/comments?post=1856"}],"version-history":[{"count":0,"href":"https:\/\/www.ecolmare.es\/ca\/wp-json\/wp\/v2\/pages\/1856\/revisions"}],"wp:attachment":[{"href":"https:\/\/www.ecolmare.es\/ca\/wp-json\/wp\/v2\/media?parent=1856"}],"curies":[{"name":"wp","href":"https:\/\/api.w.org\/{rel}","templated":true}]}}