{"id":1844,"date":"2022-12-14T11:10:08","date_gmt":"2022-12-14T11:10:08","guid":{"rendered":"https:\/\/www.ecolmare.es\/?page_id=1844"},"modified":"2023-02-14T10:41:34","modified_gmt":"2023-02-14T10:41:34","slug":"serveis","status":"publish","type":"page","link":"https:\/\/www.ecolmare.es\/ca\/serveis\/","title":{"rendered":"Serveis"},"content":{"rendered":"<div class=\"wpb-content-wrapper\"><div class=\"vc_row wpb_row vc_row-fluid\"><div class=\"wpb_column vc_column_container vc_col-sm-12\"><div class=\"vc_column-inner vc_custom_1671107582765\"><div class=\"wpb_wrapper\">\n\t<div class=\"wpb_text_column wpb_content_element  center\" >\n\t\t<div class=\"wpb_wrapper\">\n\t\t\t<p>En Ecolmare estamos comprometidos a cuidar y mantener vivos y seguros los ecosistemas mar\u00edtimos.<\/p>\n<p><strong>Nuestros servicios incluyen la limpieza y cuidado de:<\/strong><\/p>\n<h4>Aguas litorales<br \/>\nAguas portuarias<br \/>\nPantanos y aguas interiores<br \/>\nPlayas<\/h4>\n\n\t\t<\/div>\n\t<\/div>\n<div class=\"vc_separator wpb_content_element vc_separator_align_center vc_sep_width_80 vc_sep_border_width_3 vc_sep_pos_align_center vc_separator_no_text vc_custom_1671107710797 wpb_content_element  vc_custom_1671107710797 wpb_content_element\" ><span class=\"vc_sep_holder vc_sep_holder_l\"><span style=\"border-color:#0098c8;\" class=\"vc_sep_line\"><\/span><\/span><span class=\"vc_sep_holder vc_sep_holder_r\"><span style=\"border-color:#0098c8;\" class=\"vc_sep_line\"><\/span><\/span>\n<\/div><\/div><\/div><\/div><\/div><div class=\"vc_row wpb_row vc_row-fluid\"><div class=\"wpb_column vc_column_container vc_col-sm-4\"><div class=\"vc_column-inner vc_custom_1498211177630\"><div class=\"wpb_wrapper\">\n\t<div  class=\"wpb_single_image wpb_content_element vc_align_center  vc_custom_1676314558837\">\n\t\t\n\t\t<figure class=\"wpb_wrapper vc_figure\">\n\t\t\t<a href=\"https:\/\/www.ecolmare.es\/ca\/serveis\/neteja-d-aigues-litorals\/\" target=\"_self\"  class=\"vc_single_image-wrapper vc_box_circle  vc_box_border_grey rollover\"   ><img decoding=\"async\" class=\"vc_single_image-img\" src=\"https:\/\/www.ecolmare.es\/wp-content\/uploads\/2022\/12\/slider-01-220x220.jpg\" width=\"220\" height=\"220\" alt=\"Neteja de les aig\u00fces costaneres\" title=\"slider-01\"  data-dt-location=\"https:\/\/www.ecolmare.es\/ca\/slider-01\/\" \/><\/a>\n\t\t<\/figure>\n\t<\/div>\n\n\t<div class=\"wpb_text_column wpb_content_element  vc_custom_1676314501403 center\" >\n\t\t<div class=\"wpb_wrapper\">\n\t\t\t<h2><a href=\"https:\/\/www.ecolmare.es\/ca\/serveis\/neteja-d-aigues-litorals\/\">Neteja de les aig\u00fces costaneres<\/a><\/h2>\n<p>Durante la primavera y el verano las aguas litorales soportan mayor cantidad de poluci\u00f3n flotante debido a, entre otras cosas, al aumento de poblaci\u00f3n como consecuencia del turismo y el empleo masivo de embarcaciones de recreo.<\/p>\n\n\t\t<\/div>\n\t<\/div>\n<\/div><\/div><\/div><div class=\"wpb_column vc_column_container vc_col-sm-4\"><div class=\"vc_column-inner vc_custom_1498211173058\"><div class=\"wpb_wrapper\">\n\t<div  class=\"wpb_single_image wpb_content_element vc_align_center  vc_custom_1676314911819\">\n\t\t\n\t\t<figure class=\"wpb_wrapper vc_figure\">\n\t\t\t<a href=\"https:\/\/www.ecolmare.es\/ca\/serveis\/neteja-d-aigues-portuaries\/\" target=\"_self\"  class=\"vc_single_image-wrapper vc_box_circle  vc_box_border_grey rollover\"   ><img decoding=\"async\" class=\"vc_single_image-img\" src=\"https:\/\/www.ecolmare.es\/wp-content\/uploads\/2022\/12\/slider-02-220x220.jpg\" width=\"220\" height=\"220\" alt=\"Neteja de les aig\u00fces del port\" title=\"Neteja de les aig\u00fces del port\"  data-dt-location=\"https:\/\/www.ecolmare.es\/ca\/slider-02\/\" \/><\/a>\n\t\t<\/figure>\n\t<\/div>\n\n\t<div class=\"wpb_text_column wpb_content_element  vc_custom_1676314964352 center\" >\n\t\t<div class=\"wpb_wrapper\">\n\t\t\t<h2><a href=\"https:\/\/www.ecolmare.es\/ca\/serveis\/neteja-d-aigues-portuaries\/\">Neteja de les aig\u00fces del port<\/a><\/h2>\n<p>La limpieza de estos puertos y sus cercan\u00edas, adem\u00e1s de un trabajo necesario, es una medida de prevenci\u00f3n para evitar la poluci\u00f3n en sus costas cercanas.<\/p>\n\n\t\t<\/div>\n\t<\/div>\n<\/div><\/div><\/div><div class=\"wpb_column vc_column_container vc_col-sm-4\"><div class=\"vc_column-inner vc_custom_1498211168626\"><div class=\"wpb_wrapper\">\n\t<div  class=\"wpb_single_image wpb_content_element vc_align_center  vc_custom_1676314985944\">\n\t\t\n\t\t<figure class=\"wpb_wrapper vc_figure\">\n\t\t\t<a href=\"https:\/\/www.ecolmare.es\/ca\/serveis\/neteja-de-pantans-i-aigues-interiors\/\" target=\"_self\"  class=\"vc_single_image-wrapper vc_box_circle  vc_box_border_grey rollover\"   ><img decoding=\"async\" class=\"vc_single_image-img\" src=\"https:\/\/www.ecolmare.es\/wp-content\/uploads\/2022\/12\/slider-03-220x220.jpg\" width=\"220\" height=\"220\" alt=\"Limpieza de pantanos, limpieza de aguas interiores\" title=\"Limpieza de pantanos, limpieza de aguas interiores\"  data-dt-location=\"https:\/\/www.ecolmare.es\/ca\/slider-03\/\" \/><\/a>\n\t\t<\/figure>\n\t<\/div>\n\n\t<div class=\"wpb_text_column wpb_content_element  vc_custom_1676315116978 center\" >\n\t\t<div class=\"wpb_wrapper\">\n\t\t\t<h2><a href=\"https:\/\/www.ecolmare.es\/ca\/serveis\/neteja-de-pantans-i-aigues-interiors\/\">Neteja de zones humides i aig\u00fces interiors<\/a><\/h2>\n<p>Las presas de los pantanos van acumulando, durante el paso del tiempo, flotantes que pueden llegar incluso a ser peligrosos para el funcionamiento de las compuertas.<\/p>\n\n\t\t<\/div>\n\t<\/div>\n<\/div><\/div><\/div><\/div><div class=\"vc_row wpb_row vc_row-fluid vc_custom_1498212582492\"><div class=\"wpb_column vc_column_container vc_col-sm-4 vc_col-lg-offset-2 vc_col-md-offset-2\"><div class=\"vc_column-inner vc_custom_1671107404756\"><div class=\"wpb_wrapper\">\n\t<div  class=\"wpb_single_image wpb_content_element vc_align_center  vc_custom_1676315030854\">\n\t\t\n\t\t<figure class=\"wpb_wrapper vc_figure\">\n\t\t\t<a href=\"https:\/\/www.ecolmare.es\/ca\/serveis\/actuacions-d-emergencia\/\" target=\"_self\"  class=\"vc_single_image-wrapper vc_box_circle  vc_box_border_grey rollover\"   ><img decoding=\"async\" class=\"vc_single_image-img\" src=\"https:\/\/www.ecolmare.es\/wp-content\/uploads\/2022\/12\/slider-04-220x220.jpg\" width=\"220\" height=\"220\" alt=\"Accions d&#039;emerg\u00e8ncia\" title=\"Accions d&#039;emerg\u00e8ncia\"  data-dt-location=\"https:\/\/www.ecolmare.es\/ca\/slider-04\/\" \/><\/a>\n\t\t<\/figure>\n\t<\/div>\n\n\t<div class=\"wpb_text_column wpb_content_element  vc_custom_1676315053388 center\" >\n\t\t<div class=\"wpb_wrapper\">\n\t\t\t<h2><a href=\"https:\/\/www.ecolmare.es\/ca\/serveis\/actuacions-d-emergencia\/\">Accions d'emerg\u00e8ncia<\/a><\/h2>\n<p>Disponemos de medios, estructura y experiencia para ofrecer soluciones de emergencia en caso de limpieza de vertidos y sobre todo de su contenci\u00f3n.<\/p>\n\n\t\t<\/div>\n\t<\/div>\n<\/div><\/div><\/div><div class=\"wpb_column vc_column_container vc_col-sm-4\"><div class=\"vc_column-inner vc_custom_1498211173058\"><div class=\"wpb_wrapper\">\n\t<div  class=\"wpb_single_image wpb_content_element vc_align_center  vc_custom_1676315076380\">\n\t\t\n\t\t<figure class=\"wpb_wrapper vc_figure\">\n\t\t\t<a href=\"https:\/\/www.ecolmare.es\/ca\/serveis\/balisament-de-platges\/\" target=\"_self\"  class=\"vc_single_image-wrapper vc_box_circle  vc_box_border_grey rollover\"   ><img decoding=\"async\" class=\"vc_single_image-img\" src=\"https:\/\/www.ecolmare.es\/wp-content\/uploads\/2022\/12\/slider-05-220x220.jpg\" width=\"220\" height=\"220\" alt=\"Marcatge de platja\" title=\"Marcatge de platja\"  data-dt-location=\"https:\/\/www.ecolmare.es\/ca\/slider-05\/\" \/><\/a>\n\t\t<\/figure>\n\t<\/div>\n\n\t<div class=\"wpb_text_column wpb_content_element  vc_custom_1676315098044 center\" >\n\t\t<div class=\"wpb_wrapper\">\n\t\t\t<h2><a href=\"https:\/\/www.ecolmare.es\/ca\/serveis\/balisament-de-platges\/\">Marcatge de platja<\/a><\/h2>\n<p>La proliferaci\u00f3n de peque\u00f1as embarcaciones de toda \u00edndole, para la pr\u00e1ctica de deportes n\u00e1uticos ha hecho incrementar el grado de riesgo para los ba\u00f1istas de las playas.<\/p>\n\n\t\t<\/div>\n\t<\/div>\n<\/div><\/div><\/div><\/div><div class=\"vc_row wpb_row vc_row-fluid vc_custom_1671107589157\"><div class=\"wpb_column vc_column_container vc_col-sm-12\"><div class=\"vc_column-inner\"><div class=\"wpb_wrapper\"><div class=\"vc_separator wpb_content_element vc_separator_align_center vc_sep_width_80 vc_sep_border_width_3 vc_sep_pos_align_center vc_separator_no_text vc_custom_1671107710797 wpb_content_element  vc_custom_1671107710797 wpb_content_element\" ><span class=\"vc_sep_holder vc_sep_holder_l\"><span style=\"border-color:#0098c8;\" class=\"vc_sep_line\"><\/span><\/span><span class=\"vc_sep_holder vc_sep_holder_r\"><span style=\"border-color:#0098c8;\" class=\"vc_sep_line\"><\/span><\/span>\n<\/div>\n\t<div class=\"wpb_text_column wpb_content_element  center\" >\n\t\t<div class=\"wpb_wrapper\">\n\t\t\t<p>Nuestros servicios no solo incluyen la limpieza de las aguas, tambi\u00e9n llevamos un control post-limpieza, realizamos balizamiento para zonas de ba\u00f1istas, y actuamos en las siguientes emergencias:<\/p>\n<h3>Recogida de s\u00f3lidos flotantes e hidrocarburos<br \/>\nRecogida de poluci\u00f3n por vertidos (mareas negras, fugas de combustible, etc.)<br \/>\nSuministro e instalaci\u00f3n de barreras de contenci\u00f3n y absorbentes<\/h3>\n\n\t\t<\/div>\n\t<\/div>\n<\/div><\/div><\/div><\/div><div class=\"vc_row wpb_row vc_row-fluid vc_custom_1498212491956\"><div class=\"wpb_column vc_column_container vc_col-sm-12\"><div class=\"vc_column-inner\"><div class=\"wpb_wrapper\"><div id=\"ultimate-heading-232969f51951461bb\" class=\"uvc-heading ult-adjust-bottom-margin ultimate-heading-232969f51951461bb uvc-6148 color-title accent-title-color\" data-hspacer=\"no_spacer\"  data-halign=\"center\" style=\"text-align:center\"><div class=\"uvc-heading-spacer no_spacer\" style=\"top\"><\/div><div class=\"uvc-main-heading ult-responsive\"  data-ultimate-target='.uvc-heading.ultimate-heading-232969f51951461bb h2'  data-responsive-json-new='{\"font-size\":\"desktop:40px;tablet_portrait:20px;\",\"line-height\":\"desktop:46px;tablet_portrait:26px;\"}' ><h2 style=\"font-family:&#039;Open Sans Condensed&#039;;font-weight:700;margin-bottom:10px;\">Aguas limpilas<\/h2><\/div><div class=\"uvc-sub-heading ult-responsive\"  data-ultimate-target='.uvc-heading.ultimate-heading-232969f51951461bb .uvc-sub-heading '  data-responsive-json-new='{\"font-size\":\"desktop:70px;tablet_portrait:40px;\",\"line-height\":\"desktop:76px;tablet_portrait:46px;\"}'  style=\"font-family:&#039;Open Sans Condensed&#039;;font-weight:700;\">Aguas ecolmare<\/div><\/div><style type=\"text\/css\" data-type=\"the7_shortcodes-inline-css\">#default-btn-f71f5082688b3af5d291bba2e6ae7537.ico-right-side > i {\n  margin-right: 0px;\n  margin-left: 8px;\n}\n#default-btn-f71f5082688b3af5d291bba2e6ae7537 > i {\n  margin-right: 8px;\n}\n<\/style><div class=\"btn-align-center\"><a href=\"\/ca\/contacte\/\" class=\"default-btn-shortcode dt-btn dt-btn-l link-hover-off  vc_custom_1671107228340\" id=\"default-btn-f71f5082688b3af5d291bba2e6ae7537\" style=\"width:400px;\"><span>PIDANOS PRESUPUESTO<\/span><\/a><\/div><\/div><\/div><\/div><\/div><!-- Row Backgrounds --><div class=\"upb_color\" data-bg-override=\"ex-full\" data-bg-color=\"#f5f5f5\" data-fadeout=\"\" data-fadeout-percentage=\"30\" data-parallax-content=\"\" data-parallax-content-sense=\"30\" data-row-effect-mobile-disable=\"true\" data-img-parallax-mobile-disable=\"true\" data-rtl=\"false\"  data-custom-vc-row=\"\"  data-vc=\"8.6.1\"  data-is_old_vc=\"\"  data-theme-support=\"\"   data-overlay=\"false\" data-overlay-color=\"\" data-overlay-pattern=\"\" data-overlay-pattern-opacity=\"\" data-overlay-pattern-size=\"\"    ><\/div>\n<\/div>","protected":false},"excerpt":{"rendered":"<p>En Ecolmare estamos comprometidos a cuidar y mantener vivos y seguros los ecosistemas mar\u00edtimos. Nuestros servicios incluyen la limpieza y cuidado de: Aguas litorales Aguas portuarias Pantanos y aguas interiores Playas Limpieza de aguas litorales Durante la primavera y el verano las aguas litorales soportan mayor cantidad de poluci\u00f3n flotante debido a, entre otras cosas,&hellip;<\/p>","protected":false},"author":1,"featured_media":0,"parent":0,"menu_order":0,"comment_status":"closed","ping_status":"closed","template":"","meta":{"inline_featured_image":false,"_joinchat":[],"footnotes":""},"class_list":["post-1844","page","type-page","status-publish","hentry","description-off"],"_links":{"self":[{"href":"https:\/\/www.ecolmare.es\/ca\/wp-json\/wp\/v2\/pages\/1844","targetHints":{"allow":["GET"]}}],"collection":[{"href":"https:\/\/www.ecolmare.es\/ca\/wp-json\/wp\/v2\/pages"}],"about":[{"href":"https:\/\/www.ecolmare.es\/ca\/wp-json\/wp\/v2\/types\/page"}],"author":[{"embeddable":true,"href":"https:\/\/www.ecolmare.es\/ca\/wp-json\/wp\/v2\/users\/1"}],"replies":[{"embeddable":true,"href":"https:\/\/www.ecolmare.es\/ca\/wp-json\/wp\/v2\/comments?post=1844"}],"version-history":[{"count":0,"href":"https:\/\/www.ecolmare.es\/ca\/wp-json\/wp\/v2\/pages\/1844\/revisions"}],"wp:attachment":[{"href":"https:\/\/www.ecolmare.es\/ca\/wp-json\/wp\/v2\/media?parent=1844"}],"curies":[{"name":"wp","href":"https:\/\/api.w.org\/{rel}","templated":true}]}}